{"id":40,"date":"2021-05-09T00:32:54","date_gmt":"2021-05-08T22:32:54","guid":{"rendered":"https:\/\/wordpress.tv-maximiliansau.de\/?page_id=40"},"modified":"2026-04-17T18:52:56","modified_gmt":"2026-04-17T16:52:56","slug":"willkommen","status":"publish","type":"page","link":"https:\/\/www.tv-maximiliansau.de\/","title":{"rendered":"Willkommen!"},"content":{"rendered":"\n<p><\/p>\n\n\n\n<p><strong>Turnerstube Neuer\u00f6ffnung am 18.04.2026!<\/strong> Es ist soweit \u2013 unsere Vereinsgastst\u00e4tte erstrahlt in neuem Glanz!<br><strong><a href=\"https:\/\/www.tv-maximiliansau.de\/index.php\/neueroeffnung-der-turnerstube\/\" data-type=\"page\" data-id=\"2704\" target=\"_blank\" rel=\"noreferrer noopener\">Alle Infos zur Neuer\u00f6ffnung findet ihr hier \u2192<\/a><\/strong><\/p>\n\n\n\n<p>Wir freuen uns auf euch!<\/p>\n\n\n\n<div class=\"alignwide\"><div id=\"metaslider-id-322\" style=\"width: 100%;\" class=\"ml-slider-3-108-0 metaslider metaslider-responsive metaslider-322 ml-slider has-dots-nav ms-theme-simply-dark\" role=\"region\" aria-label=\"Willkommen - Galerie\" data-height=\"700\" data-width=\"1200\">\n    <div id=\"metaslider_container_322\">\n        <ul id='metaslider_322' class='rslides'>\n            <li aria-roledescription='slide' aria-labelledby='slide-0'><img loading=\"lazy\" decoding=\"async\" src=\"https:\/\/www.tv-maximiliansau.de\/wp-content\/uploads\/2021\/10\/8ff2ff08-945f-4b76-bc96-7ef8436f27e7-1200x700.jpg\" height=\"700\" width=\"1200\" alt=\"\" class=\"slider-322 slide-2557 msDefaultImage\" title=\"8ff2ff08-945f-4b76-bc96-7ef8436f27e7\" \/><\/li>\n            <li style='display: none;' aria-roledescription='slide' aria-labelledby='slide-1'><img loading=\"lazy\" decoding=\"async\" src=\"https:\/\/www.tv-maximiliansau.de\/wp-content\/uploads\/2025\/09\/IMG_3921-1200x700.jpg\" height=\"700\" width=\"1200\" alt=\"\" class=\"slider-322 slide-2556 msDefaultImage\" title=\"IMG_3921\" \/><\/li>\n            <li style='display: none;' aria-roledescription='slide' aria-labelledby='slide-2'><img loading=\"lazy\" decoding=\"async\" src=\"https:\/\/www.tv-maximiliansau.de\/wp-content\/uploads\/2021\/07\/IMG-20210529-WA0019-1200x700.jpg\" height=\"700\" width=\"1200\" alt=\"\" class=\"slider-322 slide-337 msDefaultImage\" title=\"IMG-20210529-WA0019\" \/><\/li>\n            <li style='display: none;' aria-roledescription='slide' aria-labelledby='slide-3'><img loading=\"lazy\" decoding=\"async\" src=\"https:\/\/www.tv-maximiliansau.de\/wp-content\/uploads\/2022\/12\/signal-2022-12-10-152423_002-1200x700.jpeg\" height=\"700\" width=\"1200\" alt=\"\" class=\"slider-322 slide-1348 msDefaultImage\" title=\"signal-2022-12-10-152423_002\" \/><\/li>\n            <li style='display: none;' aria-roledescription='slide' aria-labelledby='slide-4'><img loading=\"lazy\" decoding=\"async\" src=\"https:\/\/www.tv-maximiliansau.de\/wp-content\/uploads\/2021\/07\/IMG-20210529-WA0020-1200x700.jpg\" height=\"700\" width=\"1200\" alt=\"\" class=\"slider-322 slide-336 msDefaultImage\" title=\"IMG-20210529-WA0020\" \/><\/li>\n            <li style='display: none;' aria-roledescription='slide' aria-labelledby='slide-5'><img loading=\"lazy\" decoding=\"async\" src=\"https:\/\/www.tv-maximiliansau.de\/wp-content\/uploads\/2021\/07\/IMG-20210610-WA0006-1200x700.jpg\" height=\"700\" width=\"1200\" alt=\"\" class=\"slider-322 slide-335 msDefaultImage\" title=\"IMG-20210610-WA0006\" \/><\/li>\n            <li style='display: none;' aria-roledescription='slide' aria-labelledby='slide-6'><img loading=\"lazy\" decoding=\"async\" src=\"https:\/\/www.tv-maximiliansau.de\/wp-content\/uploads\/2021\/08\/LBF06592-1-scaled-1200x700.jpg\" height=\"700\" width=\"1200\" alt=\"\" class=\"slider-322 slide-786 msDefaultImage\" title=\"LBF06592\" \/><\/li>\n            <li style='display: none;' aria-roledescription='slide' aria-labelledby='slide-7'><img loading=\"lazy\" decoding=\"async\" src=\"https:\/\/www.tv-maximiliansau.de\/wp-content\/uploads\/2021\/07\/IMG-20210529-WA0022-1200x700.jpg\" height=\"700\" width=\"1200\" alt=\"\" class=\"slider-322 slide-333 msDefaultImage\" title=\"IMG-20210529-WA0022\" \/><\/li>\n            <li style='display: none;' aria-roledescription='slide' aria-labelledby='slide-8'><img loading=\"lazy\" decoding=\"async\" src=\"https:\/\/www.tv-maximiliansau.de\/wp-content\/uploads\/2025\/11\/Marlena-scaled-1200x700.jpg\" height=\"700\" width=\"1200\" alt=\"\" class=\"slider-322 slide-2552 msDefaultImage\" title=\"Marlena\" \/><\/li>\n            <li style='display: none;' aria-roledescription='slide' aria-labelledby='slide-9'><img loading=\"lazy\" decoding=\"async\" src=\"https:\/\/www.tv-maximiliansau.de\/wp-content\/uploads\/2021\/08\/LBF07106-scaled-1200x700.jpg\" height=\"700\" width=\"1200\" alt=\"\" class=\"slider-322 slide-785 msDefaultImage\" title=\"LBF07106\" \/><\/li>\n            <li style='display: none;' aria-roledescription='slide' aria-labelledby='slide-10'><img loading=\"lazy\" decoding=\"async\" src=\"https:\/\/www.tv-maximiliansau.de\/wp-content\/uploads\/2021\/08\/LBF06709-scaled-1200x700.jpg\" height=\"700\" width=\"1200\" alt=\"\" class=\"slider-322 slide-787 msDefaultImage\" title=\"LBF06709\" \/><\/li>\n            <li style='display: none;' aria-roledescription='slide' aria-labelledby='slide-11'><img loading=\"lazy\" decoding=\"async\" src=\"https:\/\/www.tv-maximiliansau.de\/wp-content\/uploads\/2025\/11\/20251004_121850211_iOS_neu-scaled-1200x700.jpeg\" height=\"700\" width=\"1200\" alt=\"\" class=\"slider-322 slide-2554 msDefaultImage\" title=\"20251004_121850211_iOS_neu\" \/><\/li>\n            <li style='display: none;' aria-roledescription='slide' aria-labelledby='slide-12'><img loading=\"lazy\" decoding=\"async\" src=\"https:\/\/www.tv-maximiliansau.de\/wp-content\/uploads\/2022\/07\/840f3e2a-4890-4b42-af7b-83dcfe04d13f-1200x700.jpg\" height=\"700\" width=\"1200\" alt=\"\" class=\"slider-322 slide-1347 msDefaultImage\" title=\"840f3e2a-4890-4b42-af7b-83dcfe04d13f\" \/><\/li>\n            <li style='display: none;' aria-roledescription='slide' aria-labelledby='slide-13'><img loading=\"lazy\" decoding=\"async\" src=\"https:\/\/www.tv-maximiliansau.de\/wp-content\/uploads\/2025\/09\/1ad0fb2c-79f1-4704-80df-f98007764a2e-1200x700.jpg\" height=\"700\" width=\"1200\" alt=\"\" class=\"slider-322 slide-2555 msDefaultImage\" title=\"1ad0fb2c-79f1-4704-80df-f98007764a2e\" \/><\/li>\n            <li style='display: none;' aria-roledescription='slide' aria-labelledby='slide-14'><img loading=\"lazy\" decoding=\"async\" src=\"https:\/\/www.tv-maximiliansau.de\/wp-content\/uploads\/2025\/11\/Elisa-scaled-1200x700.jpg\" height=\"700\" width=\"1200\" alt=\"\" class=\"slider-322 slide-2553 msDefaultImage\" title=\"Elisa\" \/><\/li>\n            <li style='display: none;' aria-roledescription='slide' aria-labelledby='slide-15'><img loading=\"lazy\" decoding=\"async\" src=\"https:\/\/www.tv-maximiliansau.de\/wp-content\/uploads\/2021\/10\/03fa906d-b053-4137-b3f9-e6d1bd1f32b2-1200x700.jpg\" height=\"700\" width=\"1200\" alt=\"\" class=\"slider-322 slide-2558 msDefaultImage\" title=\"03fa906d-b053-4137-b3f9-e6d1bd1f32b2\" \/><\/li>\n            <li style='display: none;' aria-roledescription='slide' aria-labelledby='slide-16'><img loading=\"lazy\" decoding=\"async\" src=\"https:\/\/www.tv-maximiliansau.de\/wp-content\/uploads\/2021\/10\/31d51689-e10c-4132-9351-4fae8ed0cb94-1200x700.jpg\" height=\"700\" width=\"1200\" alt=\"\" class=\"slider-322 slide-896 msDefaultImage\" title=\"31d51689-e10c-4132-9351-4fae8ed0cb94\" \/><\/li>\n        <\/ul>\n        \n    <\/div>\n<\/div><\/div>\n\n\n\n<h3 class=\"wp-block-heading has-text-align-center\">Herzlich Willkommen auf der Website des Turnverein Pfortz-Maximiliansau!<\/h3>\n\n\n\n<p>Turnverein Pfortz-Maximiliansau &#8211; das bedeutet Spa\u00df in diversen Sportarten. Ob Badminton, Basketball, Boule, Taekwondo, Tennis, Turnen oder Volleyball, f\u00fcr jeden ist etwas dabei. Ganz neu ist auch Beachvolleyball mit zwei brandneuen Feldern direkt neben unserer Tennisanlage.<\/p>\n\n\n\n<p class=\"has-primary-color has-text-color\">Unter <em><strong><a href=\"https:\/\/www.tv-maximiliansau.de\/index.php\/mitmachen\/\">Anmelden<\/a><\/strong><\/em> findet ihr ein Formular mit dem ihr euch im Turnverein anmelden k\u00f6nnt um in eurer Lieblingssportart aktiv zu werden.<\/p>\n\n\n\n<p class=\"has-primary-color has-text-color\">Auf der Website berichten wir au\u00dferdem unter <em><strong><a href=\"https:\/\/www.tv-maximiliansau.de\/index.php\/aktuelles\/\">Aktuelles<\/a><\/strong><\/em> was im Verein gerade los ist und im <a href=\"https:\/\/www.tv-maximiliansau.de\/index.php\/events\/\" data-type=\"URL\" data-id=\"https:\/\/www.tv-maximiliansau.de\/index.php\/events\/\"><strong><em>Kalender<\/em><\/strong><\/a> seht ihr unsere bevorstehenden Veranstaltungen. In <em><strong><a href=\"https:\/\/www.tv-maximiliansau.de\/index.php\/abteilungen\/\">Abteilungen<\/a><\/strong><\/em> k\u00f6nnt ihr auch in jede Abteilung direkt gehen und euch \u00fcber Trainingszeiten, Ansprechpartner, Veranstaltungsberichte und vieles mehr informieren!<\/p>\n\n\n\n<p class=\"has-primary-color has-text-color\">Unten auf der Website finden sich des Weiteren auch Informationen zur <em><strong><a href=\"https:\/\/www.tv-maximiliansau.de\/index.php\/anfahrt\/\">Anfahrt<\/a><\/strong><\/em> zu unseren diversen Sportst\u00e4tten.<\/p>\n\n\n\n<p>Ihr findet uns auch auf Social Media auf <a href=\"https:\/\/www.instagram.com\/tvpfortzmaximiliansau\/\" target=\"_blank\" rel=\"noreferrer noopener\">Instagram<\/a> oder ganz neu auch auf unserem <a href=\"https:\/\/whatsapp.com\/channel\/0029VaDqx1ECBtxEBEmGLq3u\" target=\"_blank\" rel=\"noreferrer noopener\">WhatsApp Kanal<\/a>.<\/p>\n\n\n\n<p>Viel Spa\u00df auf unserer Website sowie bei eurer Sportart und z\u00f6gert nicht uns zu kontaktieren, gerne auch direkt die Ansprechparter der jeweiligen Abteilung die euch interessiert!<\/p>\n\n\n\n<hr class=\"wp-block-separator has-alpha-channel-opacity\"\/>\n\n\n\n<div class=\"wp-block-columns is-layout-flex wp-container-core-columns-is-layout-9d6595d7 wp-block-columns-is-layout-flex\">\n<div class=\"wp-block-column is-layout-flow wp-block-column-is-layout-flow\"><\/div>\n\n\n\n<div class=\"wp-block-column is-layout-flow wp-block-column-is-layout-flow\"><\/div>\n<\/div>\n\n\n\n<div class=\"aligncenter\">\n<a href=\"https:\/\/p-h-s-druck.eu\/1_81464\"><img decoding=\"async\" src=\"https:\/\/p-h-s-druck.eu\/1_81464\/btn_1_81464.png\"><\/a>\n<\/div>\n\n\n\n<p>Zum Wohle der Sportler auf dem Gel\u00e4nde und im Umfeld der Turnerstube, aber auch aller B\u00fcrger und Spazierg\u00e4nger, hat der TV Maximiliansau im Eingangsbereich seiner Turnerstube einen selbsterkl\u00e4renden <strong>Defibrillator<\/strong> installieren lassen. Unser Dank gilt hierbei den <strong>Sponsoren<\/strong> (im Bild verlinkt), die diese Aktion m\u00f6glich gemacht haben. Wir hoffen allerdings, dass das Ger\u00e4t nie zum Einsatz kommen muss.<\/p>\n","protected":false},"excerpt":{"rendered":"<p>Turnerstube Neuer\u00f6ffnung am 18.04.2026! Es ist soweit \u2013 unsere Vereinsgastst\u00e4tte erstrahlt in neuem Glanz!Alle Infos zur Neuer\u00f6ffnung findet ihr hier \u2192 Wir freuen uns auf euch! Herzlich Willkommen auf der [&hellip;]<\/p>\n","protected":false},"author":1,"featured_media":0,"parent":0,"menu_order":0,"comment_status":"closed","ping_status":"closed","template":"","meta":{"_uag_custom_page_level_css":"","footnotes":""},"class_list":["post-40","page","type-page","status-publish","hentry"],"uagb_featured_image_src":{"full":false,"thumbnail":false,"medium":false,"medium_large":false,"large":false,"1536x1536":false,"2048x2048":false,"post-thumbnail":false,"twentytwenty-fullscreen":false},"uagb_author_info":{"display_name":"Administrator","author_link":"https:\/\/www.tv-maximiliansau.de\/index.php\/author\/wordpress-admin\/"},"uagb_comment_info":0,"uagb_excerpt":"Turnerstube Neuer\u00f6ffnung am 18.04.2026! Es ist soweit \u2013 unsere Vereinsgastst\u00e4tte erstrahlt in neuem Glanz!Alle Infos zur Neuer\u00f6ffnung findet ihr hier \u2192 Wir freuen uns auf euch! Herzlich Willkommen auf der [&hellip;]","_links":{"self":[{"href":"https:\/\/www.tv-maximiliansau.de\/index.php\/wp-json\/wp\/v2\/pages\/40","targetHints":{"allow":["GET"]}}],"collection":[{"href":"https:\/\/www.tv-maximiliansau.de\/index.php\/wp-json\/wp\/v2\/pages"}],"about":[{"href":"https:\/\/www.tv-maximiliansau.de\/index.php\/wp-json\/wp\/v2\/types\/page"}],"author":[{"embeddable":true,"href":"https:\/\/www.tv-maximiliansau.de\/index.php\/wp-json\/wp\/v2\/users\/1"}],"replies":[{"embeddable":true,"href":"https:\/\/www.tv-maximiliansau.de\/index.php\/wp-json\/wp\/v2\/comments?post=40"}],"version-history":[{"count":49,"href":"https:\/\/www.tv-maximiliansau.de\/index.php\/wp-json\/wp\/v2\/pages\/40\/revisions"}],"predecessor-version":[{"id":2718,"href":"https:\/\/www.tv-maximiliansau.de\/index.php\/wp-json\/wp\/v2\/pages\/40\/revisions\/2718"}],"wp:attachment":[{"href":"https:\/\/www.tv-maximiliansau.de\/index.php\/wp-json\/wp\/v2\/media?parent=40"}],"curies":[{"name":"wp","href":"https:\/\/api.w.org\/{rel}","templated":true}]}}