{"id":259,"date":"2021-06-05T23:18:04","date_gmt":"2021-06-05T21:18:04","guid":{"rendered":"https:\/\/wordpress.tv-maximiliansau.de\/?page_id=259"},"modified":"2025-12-17T14:13:18","modified_gmt":"2025-12-17T13:13:18","slug":"mitmachen","status":"publish","type":"page","link":"https:\/\/www.tv-maximiliansau.de\/index.php\/mitmachen\/","title":{"rendered":"Anmelden"},"content":{"rendered":"\n<p>Du m\u00f6chtest bei uns mitmachen, beziehungsweise in einer Abteilung Sport betreiben? Dann f\u00fclle ganz einfach die Beitrittserkl\u00e4rung aus und schick sie an uns (die Adresse findest du in der Beitrittserkl\u00e4rung ganz unten)!<\/p>\n\n\n\n<div class=\"wp-block-file\"><a id=\"wp-block-file--media-413f7110-c720-4a45-9eaa-e1640c267384\" href=\"https:\/\/www.tv-maximiliansau.de\/wp-content\/uploads\/2025\/12\/2025-12-Beitrittserklaerung-TVPM-2026.pdf\" target=\"_blank\" rel=\"noreferrer noopener\">Beitrittserkl\u00e4rung<\/a><a href=\"https:\/\/www.tv-maximiliansau.de\/wp-content\/uploads\/2025\/12\/2025-12-Beitrittserklaerung-TVPM-2026.pdf\" class=\"wp-block-file__button wp-element-button\" download aria-describedby=\"wp-block-file--media-413f7110-c720-4a45-9eaa-e1640c267384\">Herunterladen<\/a><\/div>\n\n\n\n<p>In der Beitragsordnung findest du was eine Mitgliedschaft im Turnverein kostet.<\/p>\n\n\n\n<div class=\"wp-block-file\"><a id=\"wp-block-file--media-b11edbb9-6580-410e-a1ae-118c0b0cada8\" href=\"https:\/\/www.tv-maximiliansau.de\/wp-content\/uploads\/2025\/12\/2025-12-Beitragsordnung-TVPM-2026.pdf\" target=\"_blank\" rel=\"noreferrer noopener\">Beitragsordnung<\/a><a href=\"https:\/\/www.tv-maximiliansau.de\/wp-content\/uploads\/2025\/12\/2025-12-Beitragsordnung-TVPM-2026.pdf\" class=\"wp-block-file__button wp-element-button\" download aria-describedby=\"wp-block-file--media-b11edbb9-6580-410e-a1ae-118c0b0cada8\">Herunterladen<\/a><\/div>\n","protected":false},"excerpt":{"rendered":"<p>Du m\u00f6chtest bei uns mitmachen, beziehungsweise in einer Abteilung Sport betreiben? Dann f\u00fclle ganz einfach die Beitrittserkl\u00e4rung aus und schick sie an uns (die Adresse findest du in der Beitrittserkl\u00e4rung [&hellip;]<\/p>\n","protected":false},"author":1,"featured_media":0,"parent":0,"menu_order":0,"comment_status":"closed","ping_status":"closed","template":"","meta":{"_uag_custom_page_level_css":"","footnotes":""},"class_list":["post-259","page","type-page","status-publish","hentry"],"uagb_featured_image_src":{"full":false,"thumbnail":false,"medium":false,"medium_large":false,"large":false,"1536x1536":false,"2048x2048":false,"post-thumbnail":false,"twentytwenty-fullscreen":false},"uagb_author_info":{"display_name":"Administrator","author_link":"https:\/\/www.tv-maximiliansau.de\/index.php\/author\/wordpress-admin\/"},"uagb_comment_info":0,"uagb_excerpt":"Du m\u00f6chtest bei uns mitmachen, beziehungsweise in einer Abteilung Sport betreiben? Dann f\u00fclle ganz einfach die Beitrittserkl\u00e4rung aus und schick sie an uns (die Adresse findest du in der Beitrittserkl\u00e4rung [&hellip;]","_links":{"self":[{"href":"https:\/\/www.tv-maximiliansau.de\/index.php\/wp-json\/wp\/v2\/pages\/259","targetHints":{"allow":["GET"]}}],"collection":[{"href":"https:\/\/www.tv-maximiliansau.de\/index.php\/wp-json\/wp\/v2\/pages"}],"about":[{"href":"https:\/\/www.tv-maximiliansau.de\/index.php\/wp-json\/wp\/v2\/types\/page"}],"author":[{"embeddable":true,"href":"https:\/\/www.tv-maximiliansau.de\/index.php\/wp-json\/wp\/v2\/users\/1"}],"replies":[{"embeddable":true,"href":"https:\/\/www.tv-maximiliansau.de\/index.php\/wp-json\/wp\/v2\/comments?post=259"}],"version-history":[{"count":21,"href":"https:\/\/www.tv-maximiliansau.de\/index.php\/wp-json\/wp\/v2\/pages\/259\/revisions"}],"predecessor-version":[{"id":2632,"href":"https:\/\/www.tv-maximiliansau.de\/index.php\/wp-json\/wp\/v2\/pages\/259\/revisions\/2632"}],"wp:attachment":[{"href":"https:\/\/www.tv-maximiliansau.de\/index.php\/wp-json\/wp\/v2\/media?parent=259"}],"curies":[{"name":"wp","href":"https:\/\/api.w.org\/{rel}","templated":true}]}}