{"id":204,"date":"2021-05-24T17:15:34","date_gmt":"2021-05-24T15:15:34","guid":{"rendered":"https:\/\/wordpress.tv-maximiliansau.de\/?page_id=204"},"modified":"2022-09-14T14:12:55","modified_gmt":"2022-09-14T12:12:55","slug":"trainingszeiten-boule","status":"publish","type":"page","link":"https:\/\/www.tv-maximiliansau.de\/index.php\/abteilungen\/boule\/trainingszeiten-boule\/","title":{"rendered":"Trainingszeiten Boule"},"content":{"rendered":"\n<figure class=\"wp-block-table aligncenter ticss-895d4d2d is-style-regular\"><table class=\"has-fixed-layout\"><thead><tr><th>Tag<\/th><th>Von<\/th><th>Bis<\/th><th>Abteilung<\/th><th>Sportart<\/th><th>Ort<\/th><\/tr><\/thead><tbody><tr><td>Montag<\/td><td>18:30<\/td><td><\/td><td>Boule<\/td><td>Boule-Hardtliga<\/td><td>Vereinsgel\u00e4nde &#8211; Am Turnerplatz<\/td><\/tr><tr><td>Dienstag<\/td><td>14:00<\/td><td><\/td><td>Boule<\/td><td>Boule-Freizeit<\/td><td>Vereinsgel\u00e4nde &#8211; Am Turnerplatz<\/td><\/tr><tr><td>Donnerstag<\/td><td>18:00<\/td><td>19:30<\/td><td>Boule<\/td><td>Boule-Mannschaft<\/td><td>Vereinsgel\u00e4nde &#8211; Am Turnerplatz<\/td><\/tr><\/tbody><\/table><\/figure>\n\n\n\n<ul class=\"wp-block-list\"><li>Samstag 14:00    Boule Mannschaft<\/li><\/ul>\n\n\n\n<p class=\"has-background-color has-background-background-color has-text-color has-background\"><\/p>\n","protected":false},"excerpt":{"rendered":"<p>Tag Von Bis Abteilung Sportart Ort Montag 18:30 Boule Boule-Hardtliga Vereinsgel\u00e4nde &#8211; Am Turnerplatz Dienstag 14:00 Boule Boule-Freizeit Vereinsgel\u00e4nde &#8211; Am Turnerplatz Donnerstag 18:00 19:30 Boule Boule-Mannschaft Vereinsgel\u00e4nde &#8211; Am [&hellip;]<\/p>\n","protected":false},"author":1,"featured_media":0,"parent":78,"menu_order":0,"comment_status":"closed","ping_status":"closed","template":"templates\/template-full-width.php","meta":{"_uag_custom_page_level_css":"","footnotes":""},"class_list":["post-204","page","type-page","status-publish","hentry"],"uagb_featured_image_src":{"full":false,"thumbnail":false,"medium":false,"medium_large":false,"large":false,"1536x1536":false,"2048x2048":false,"post-thumbnail":false,"twentytwenty-fullscreen":false},"uagb_author_info":{"display_name":"Administrator","author_link":"https:\/\/www.tv-maximiliansau.de\/index.php\/author\/wordpress-admin\/"},"uagb_comment_info":0,"uagb_excerpt":"Tag Von Bis Abteilung Sportart Ort Montag 18:30 Boule Boule-Hardtliga Vereinsgel\u00e4nde &#8211; Am Turnerplatz Dienstag 14:00 Boule Boule-Freizeit Vereinsgel\u00e4nde &#8211; Am Turnerplatz Donnerstag 18:00 19:30 Boule Boule-Mannschaft Vereinsgel\u00e4nde &#8211; Am [&hellip;]","_links":{"self":[{"href":"https:\/\/www.tv-maximiliansau.de\/index.php\/wp-json\/wp\/v2\/pages\/204","targetHints":{"allow":["GET"]}}],"collection":[{"href":"https:\/\/www.tv-maximiliansau.de\/index.php\/wp-json\/wp\/v2\/pages"}],"about":[{"href":"https:\/\/www.tv-maximiliansau.de\/index.php\/wp-json\/wp\/v2\/types\/page"}],"author":[{"embeddable":true,"href":"https:\/\/www.tv-maximiliansau.de\/index.php\/wp-json\/wp\/v2\/users\/1"}],"replies":[{"embeddable":true,"href":"https:\/\/www.tv-maximiliansau.de\/index.php\/wp-json\/wp\/v2\/comments?post=204"}],"version-history":[{"count":4,"href":"https:\/\/www.tv-maximiliansau.de\/index.php\/wp-json\/wp\/v2\/pages\/204\/revisions"}],"predecessor-version":[{"id":1226,"href":"https:\/\/www.tv-maximiliansau.de\/index.php\/wp-json\/wp\/v2\/pages\/204\/revisions\/1226"}],"up":[{"embeddable":true,"href":"https:\/\/www.tv-maximiliansau.de\/index.php\/wp-json\/wp\/v2\/pages\/78"}],"wp:attachment":[{"href":"https:\/\/www.tv-maximiliansau.de\/index.php\/wp-json\/wp\/v2\/media?parent=204"}],"curies":[{"name":"wp","href":"https:\/\/api.w.org\/{rel}","templated":true}]}}